{"id":545,"date":"2020-08-26T03:14:50","date_gmt":"2020-08-26T03:14:50","guid":{"rendered":"http:\/\/flaschenlampen.ch\/index.php\/about\/"},"modified":"2025-04-13T14:36:06","modified_gmt":"2025-04-13T12:36:06","slug":"about","status":"publish","type":"page","link":"https:\/\/flaschenlampen.ch\/index.php\/about\/","title":{"rendered":"\u00fcber mich"},"content":{"rendered":"\n<div style=\"height:100px\" aria-hidden=\"true\" class=\"wp-block-spacer\"><\/div>\n\n\n\n<h2 class=\"wp-block-heading\">\u00fcber mich<\/h2>\n\n\n\n<div class=\"wp-block-media-text alignfull is-stacked-on-mobile is-vertically-aligned-center\"><figure class=\"wp-block-media-text__media\"><img loading=\"lazy\" decoding=\"async\" width=\"1024\" height=\"485\" src=\"https:\/\/flaschenlampen.ch\/wp-content\/uploads\/2022\/09\/WhatsApp-Image-2022-09-01-at-11.34.03-1024x485.jpeg\" alt=\"\" class=\"wp-image-1340 size-full\" srcset=\"https:\/\/flaschenlampen.ch\/wp-content\/uploads\/2022\/09\/WhatsApp-Image-2022-09-01-at-11.34.03-1024x485.jpeg 1024w, https:\/\/flaschenlampen.ch\/wp-content\/uploads\/2022\/09\/WhatsApp-Image-2022-09-01-at-11.34.03-300x142.jpeg 300w, https:\/\/flaschenlampen.ch\/wp-content\/uploads\/2022\/09\/WhatsApp-Image-2022-09-01-at-11.34.03-768x363.jpeg 768w, https:\/\/flaschenlampen.ch\/wp-content\/uploads\/2022\/09\/WhatsApp-Image-2022-09-01-at-11.34.03-1536x727.jpeg 1536w, https:\/\/flaschenlampen.ch\/wp-content\/uploads\/2022\/09\/WhatsApp-Image-2022-09-01-at-11.34.03.jpeg 2016w\" sizes=\"auto, (max-width: 1024px) 100vw, 1024px\" \/><\/figure><div class=\"wp-block-media-text__content\">\n<h3 class=\"wp-block-heading has-text-align-center has-text-color\" style=\"color:#000000\"><strong>Das Bin Ich \u2026 Brigitte<\/strong><\/h3>\n\n\n\n<p>Neben meinem herausfordernden und hektischen Job brauche ich in meiner Freizeit einen Ausgleich.<br>Geselligkeit und Treffen mit Familie und Freunden sind mir dabei sehr wichtig. Bei einem Gin-Tasting ist dabei die Idee mit den Lampen entstanden.<\/p>\n\n\n\n<p>Ich staune dabei immer wieder, wie unterschiedlich diese aussehen und wie sch\u00f6n es ist, wenn sie einem Raum ein neues Licht schenken.<br>Gerne erf\u00fclle ich auch Dir auch einen Lampen-Traum, die M\u00f6glichkeiten sind dabei vielf\u00e4ltig und ich bin bestrebt, auch Deine Idee\/Wunsch umzusetzen.<\/p>\n<\/div><\/div>\n\n\n\n<p><\/p>\n\n\n\n<p><\/p>\n","protected":false},"excerpt":{"rendered":"<p>\u00fcber mich Das Bin Ich \u2026 Brigitte Neben meinem herausfordernden und hektischen Job brauche ich in meiner Freizeit einen Ausgleich.Geselligkeit und Treffen mit Familie und Freunden sind mir dabei sehr wichtig. Bei einem Gin-Tasting ist dabei die Idee mit den Lampen entstanden. Ich staune dabei immer wieder, wie unterschiedlich diese aussehen und wie sch\u00f6n es [&hellip;]<\/p>\n","protected":false},"author":1,"featured_media":0,"parent":0,"menu_order":0,"comment_status":"closed","ping_status":"closed","template":"","meta":{"site-sidebar-layout":"no-sidebar","site-content-layout":"plain-container","ast-site-content-layout":"normal-width-container","site-content-style":"unboxed","site-sidebar-style":"unboxed","ast-global-header-display":"","ast-banner-title-visibility":"","ast-main-header-display":"","ast-hfb-above-header-display":"","ast-hfb-below-header-display":"","ast-hfb-mobile-header-display":"","site-post-title":"disabled","ast-breadcrumbs-content":"disabled","ast-featured-img":"disabled","footer-sml-layout":"","theme-transparent-header-meta":"enabled","adv-header-id-meta":"","stick-header-meta":"","header-above-stick-meta":"","header-main-stick-meta":"","header-below-stick-meta":"","astra-migrate-meta-layouts":"set","ast-page-background-enabled":"default","ast-page-background-meta":{"desktop":{"background-color":"","background-image":"","background-repeat":"repeat","background-position":"center center","background-size":"auto","background-attachment":"scroll","background-type":"","background-media":"","overlay-type":"","overlay-color":"","overlay-opacity":"","overlay-gradient":""},"tablet":{"background-color":"","background-image":"","background-repeat":"repeat","background-position":"center center","background-size":"auto","background-attachment":"scroll","background-type":"","background-media":"","overlay-type":"","overlay-color":"","overlay-opacity":"","overlay-gradient":""},"mobile":{"background-color":"","background-image":"","background-repeat":"repeat","background-position":"center center","background-size":"auto","background-attachment":"scroll","background-type":"","background-media":"","overlay-type":"","overlay-color":"","overlay-opacity":"","overlay-gradient":""}},"ast-content-background-meta":{"desktop":{"background-color":"var(--ast-global-color-5)","background-image":"","background-repeat":"repeat","background-position":"center center","background-size":"auto","background-attachment":"scroll","background-type":"","background-media":"","overlay-type":"","overlay-color":"","overlay-opacity":"","overlay-gradient":""},"tablet":{"background-color":"var(--ast-global-color-5)","background-image":"","background-repeat":"repeat","background-position":"center center","background-size":"auto","background-attachment":"scroll","background-type":"","background-media":"","overlay-type":"","overlay-color":"","overlay-opacity":"","overlay-gradient":""},"mobile":{"background-color":"var(--ast-global-color-5)","background-image":"","background-repeat":"repeat","background-position":"center center","background-size":"auto","background-attachment":"scroll","background-type":"","background-media":"","overlay-type":"","overlay-color":"","overlay-opacity":"","overlay-gradient":""}},"ngg_post_thumbnail":0,"footnotes":""},"class_list":["post-545","page","type-page","status-publish","hentry"],"_links":{"self":[{"href":"https:\/\/flaschenlampen.ch\/index.php\/wp-json\/wp\/v2\/pages\/545","targetHints":{"allow":["GET"]}}],"collection":[{"href":"https:\/\/flaschenlampen.ch\/index.php\/wp-json\/wp\/v2\/pages"}],"about":[{"href":"https:\/\/flaschenlampen.ch\/index.php\/wp-json\/wp\/v2\/types\/page"}],"author":[{"embeddable":true,"href":"https:\/\/flaschenlampen.ch\/index.php\/wp-json\/wp\/v2\/users\/1"}],"replies":[{"embeddable":true,"href":"https:\/\/flaschenlampen.ch\/index.php\/wp-json\/wp\/v2\/comments?post=545"}],"version-history":[{"count":13,"href":"https:\/\/flaschenlampen.ch\/index.php\/wp-json\/wp\/v2\/pages\/545\/revisions"}],"predecessor-version":[{"id":1705,"href":"https:\/\/flaschenlampen.ch\/index.php\/wp-json\/wp\/v2\/pages\/545\/revisions\/1705"}],"wp:attachment":[{"href":"https:\/\/flaschenlampen.ch\/index.php\/wp-json\/wp\/v2\/media?parent=545"}],"curies":[{"name":"wp","href":"https:\/\/api.w.org\/{rel}","templated":true}]}}